{"id":17,"date":"2016-02-12T08:09:36","date_gmt":"2016-02-12T08:09:36","guid":{"rendered":"http:\/\/demos.famethemes.com\/onepress\/?page_id=17"},"modified":"2024-11-21T09:14:00","modified_gmt":"2024-11-21T08:14:00","slug":"about","status":"publish","type":"page","link":"https:\/\/www.kreienbaum-montage.de\/wordpress\/about\/","title":{"rendered":"Unternehmen und Gruppe"},"content":{"rendered":"<p><img loading=\"lazy\" decoding=\"async\" class=\"alignnone size-full wp-image-1460\" src=\"https:\/\/www.kreienbaum-montage.de\/wordpress\/wp-content\/uploads\/2019\/09\/logo-1.jpg\" alt=\"\" width=\"700\" height=\"373\" srcset=\"https:\/\/www.kreienbaum-montage.de\/wordpress\/wp-content\/uploads\/2019\/09\/logo-1.jpg 700w, https:\/\/www.kreienbaum-montage.de\/wordpress\/wp-content\/uploads\/2019\/09\/logo-1-300x160.jpg 300w\" sizes=\"auto, (max-width: 700px) 100vw, 700px\" \/><\/p>\n<p>Unsere St\u00e4rke ist die Flexibilit\u00e4t und sind die Synergien, die in dem Verbund der verschiedenen Handwerks \u2013 Fachbereiche innerhalb der Kreienbaum &#8211; Gruppe vorhanden sind.<\/p>\n<p>Wir, die\u00a0<strong>Kreienbaum Montage GmbH &amp; Co KG<\/strong> konzentrieren uns auf die solare Nutzung von Sonnenenergie durch <strong>Vertrieb, Montage, Reinigung und Wartung<\/strong>\u00a0von Photovoltaikanlagen.<\/p>\n<p>Im Jahre 2001 wurde die Gesellschaft\u00a0<strong>Kreienbaum Montage GmbH &amp; Co. KG<\/strong>\u00a0als Montage -Dienstleistungs &#8211; Gesellschaft aus der Kreienbaum GmbH ausgegliedert.<br \/>Die\u00a0<strong>Kreienbaum Montage GmbH &amp; Co. KG\u00a0<\/strong>war in den ersten Jahren vorwiegend als Serienfertiger f\u00fcr Garagentore und Garagent\u00fcren mit Holzf\u00fcllungen im Auftrag der Firma H\u00d6RMANN t\u00e4tig.<br \/>Dann wurden zunehmend Montageauftr\u00e4ge und Dienstleistungen f\u00fcr Auftr\u00e4ge aus der\u00a0<strong>Kreienbaum &#8211; Gruppe<\/strong>\u00a0und f\u00fcr dritte Firmen ausgef\u00fchrt.<br \/>Seit 2003 ist die Montage und der Vertrieb von\u00a0<strong>Photovoltaikanlagen<\/strong>\u00a0zum Hauptgesch\u00e4ftsfeld geworden.<br \/>J\u00e4hrlich werden Photovoltaikanlagen mit einer Gesamtleistung von ca. 2 MW verkauft und installiert.<br \/>Die Photovoltaikanlagen \u2013 Gr\u00f6\u00dfen bewegen sich zwischen 2 KWp und 1 MWp.<br \/>F\u00fcr die\u00a0<strong>Reinigung und Wartung<\/strong>\u00a0von Photovoltaikanlagen steht eine spezielle Waschanlage zur Verf\u00fcgung.<\/p>\n<p>\u00a0<\/p>\n<h1><strong>KREIENBAUM GRUPPE<\/strong><\/h1>\n<p>\u00a0<\/p>\n<h2>IDEENR\u00c4UME &#8211; DIE AUSSTELLUNG IN WARENDORF<\/h2>\n<div class=\"fadeLeftStart show\">\n<div class=\"col medium-6\"><a href=\"https:\/\/www.ideenraeume.com\/\" target=\"_blank\" rel=\"noopener noreferrer\"><img loading=\"lazy\" decoding=\"async\" class=\"alignnone\" src=\"https:\/\/www.ideenraeume.com\/sites\/default\/files\/styles\/vollformat\/public\/2017-06\/ideenraeume-logo2.png?itok=PDq7Y_Wq\" alt=\"\" width=\"200\" height=\"74\" \/><\/a><\/div>\n<div class=\"col medium-6\">\u00a0<\/div>\n<div class=\"col\">\n<p><a title=\"www.ideenraeume.com\" href=\"http:\/\/www.ideenraeume.com\/\" target=\"_blank\" rel=\"noopener noreferrer\">www.ideenraeume.com<\/a><\/p>\n<\/div>\n<div class=\"col medium-4 spacerpic modalGallery\">\u00a0<\/div>\n<div class=\"col medium-4 spacerpic modalGallery\">\u00a0<\/div>\n<div class=\"col medium-4 spacerpic modalGallery\">\u00a0<\/div>\n<div class=\"col\">\u00a0<\/div>\n<\/div>\n<div class=\"fadeLeftStart show\">\n<div class=\"col\">\n<h2>AUGUST KREIENBAUM &#8211; IN SACHEN M\u00d6BEL<\/h2>\n<\/div>\n<div class=\"col medium-6\"><a href=\"https:\/\/kreienbaum.de\/\" target=\"_blank\" rel=\"noopener noreferrer\"><img loading=\"lazy\" decoding=\"async\" class=\"alignnone\" src=\"https:\/\/kreienbaum.de\/wp-content\/uploads\/Logo_August-kreienbaum_RGB.svg\" alt=\"August Kreienbaum GmbH\" width=\"254\" height=\"106\" \/><\/a><\/div>\n<div class=\"col medium-6\">\u00a0<\/div>\n<div class=\"col\">\n<p><a title=\"www.kreienbaum.de\" href=\"http:\/\/www.kreienbaum.de\/\" target=\"_blank\" rel=\"noopener noreferrer\">www.kreienbaum.de<\/a><\/p>\n<\/div>\n<div class=\"col medium-4 spacerpic modalGallery\">\u00a0<\/div>\n<div class=\"col medium-4 spacerpic modalGallery\">\u00a0<\/div>\n<div class=\"col medium-4 spacerpic modalGallery\">\u00a0<\/div>\n<div class=\"col\">\u00a0<\/div>\n<\/div>\n<div class=\"fadeLeftStart show\">\n<div class=\"col\">\n<h2>KREIENBAUM HOLZ &#8211; PROFESSIONELLER HOLZBAU NACH MASS<\/h2>\n<\/div>\n<div class=\"col medium-6\"><a href=\"https:\/\/www.kreienbaum-holz.de\/\" target=\"_blank\" rel=\"noopener noreferrer\"><img loading=\"lazy\" decoding=\"async\" class=\"alignnone\" src=\"https:\/\/www.kreienbaum-holz.de\/images\/layout\/branding.png\" alt=\"\" width=\"234\" height=\"117\" \/><\/a><\/div>\n<div class=\"col medium-6\">\u00a0<\/div>\n<div class=\"col\">\n<p><a title=\"www.kreienbaum-montage.de\" href=\"http:\/\/www.kreienbaum-holz.de\/\" target=\"_blank\" rel=\"noopener noreferrer\">www.kreienbaum-holz.de<\/a><\/p>\n<\/div>\n<div class=\"col medium-4 spacerpic modalGallery\">\u00a0<\/div>\n<div class=\"col medium-4 spacerpic modalGallery\">\u00a0<\/div>\n<div class=\"col medium-4 spacerpic modalGallery\">\u00a0<\/div>\n<div class=\"col\">\u00a0<\/div>\n<\/div>\n<div class=\"fadeLeftStart show\">\n<div class=\"col\">\n<h2>KREIENBAUM SPORTS &amp; EVENTS &#8211; DIE ADRESSE F\u00dcR TENNIS UND VERANSTALTUNGEN<\/h2>\n<\/div>\n<div class=\"col medium-6\"><a href=\"https:\/\/www.kreienbaum-halle.de\/\" target=\"_blank\" rel=\"noopener noreferrer\"><img loading=\"lazy\" decoding=\"async\" class=\"alignnone\" src=\"https:\/\/jimdo-storage.freetls.fastly.net\/image\/18622237\/201141e3-d37c-497c-8fab-bc766416e113.png?quality=80&amp;auto=webp&amp;disable=upscale&amp;width=320&amp;height=135&amp;trim=0,0,0,0\" alt=\"\" width=\"275\" height=\"116\" \/><\/a><\/div>\n<div class=\"col medium-6\">\u00a0<\/div>\n<div class=\"col\">\n<p><a title=\"www.kreienbaum-halle.de\" href=\"http:\/\/www.kreienbaum-halle.de\/\" target=\"_blank\" rel=\"noopener noreferrer\">www.kreienbaum-halle.de<\/a><\/p>\n<\/div>\n<div class=\"col medium-4 spacerpic modalGallery\">\u00a0<\/div>\n<div class=\"col\">\u00a0<\/div>\n<\/div>\n\n\n<figure class=\"wp-block-gallery columns-0 is-cropped wp-block-gallery-1 is-layout-flex wp-block-gallery-is-layout-flex\"><ul class=\"blocks-gallery-grid\"><\/ul><\/figure>\n","protected":false},"excerpt":{"rendered":"<p>Unsere St\u00e4rke ist die Flexibilit\u00e4t und sind die Synergien, die in dem Verbund der verschiedenen Handwerks \u2013 Fachbereiche innerhalb der Kreienbaum &#8211; Gruppe vorhanden sind. Wir, die\u00a0Kreienbaum Montage GmbH &amp; &#8230;<\/p>\n","protected":false},"author":1,"featured_media":1648,"parent":0,"menu_order":0,"comment_status":"closed","ping_status":"closed","template":"template-fullwidth.php","meta":{"footnotes":""},"class_list":["post-17","page","type-page","status-publish","has-post-thumbnail","hentry"],"_links":{"self":[{"href":"https:\/\/www.kreienbaum-montage.de\/wordpress\/wp-json\/wp\/v2\/pages\/17","targetHints":{"allow":["GET"]}}],"collection":[{"href":"https:\/\/www.kreienbaum-montage.de\/wordpress\/wp-json\/wp\/v2\/pages"}],"about":[{"href":"https:\/\/www.kreienbaum-montage.de\/wordpress\/wp-json\/wp\/v2\/types\/page"}],"author":[{"embeddable":true,"href":"https:\/\/www.kreienbaum-montage.de\/wordpress\/wp-json\/wp\/v2\/users\/1"}],"replies":[{"embeddable":true,"href":"https:\/\/www.kreienbaum-montage.de\/wordpress\/wp-json\/wp\/v2\/comments?post=17"}],"version-history":[{"count":19,"href":"https:\/\/www.kreienbaum-montage.de\/wordpress\/wp-json\/wp\/v2\/pages\/17\/revisions"}],"predecessor-version":[{"id":1609,"href":"https:\/\/www.kreienbaum-montage.de\/wordpress\/wp-json\/wp\/v2\/pages\/17\/revisions\/1609"}],"wp:featuredmedia":[{"embeddable":true,"href":"https:\/\/www.kreienbaum-montage.de\/wordpress\/wp-json\/wp\/v2\/media\/1648"}],"wp:attachment":[{"href":"https:\/\/www.kreienbaum-montage.de\/wordpress\/wp-json\/wp\/v2\/media?parent=17"}],"curies":[{"name":"wp","href":"https:\/\/api.w.org\/{rel}","templated":true}]}}