{"id":1182,"date":"2016-03-18T06:13:33","date_gmt":"2016-03-18T06:13:33","guid":{"rendered":"http:\/\/demos.famethemes.com\/onepress\/shop\/"},"modified":"2024-07-12T13:33:30","modified_gmt":"2024-07-12T11:33:30","slug":"photovoltaik","status":"publish","type":"page","link":"https:\/\/www.kreienbaum-montage.de\/wordpress\/photovoltaik\/","title":{"rendered":"Photovoltaik"},"content":{"rendered":"<p><\/p>\n<h2 class=\"wp-block-heading\">Die Sonne schickt keine Rechnung &#8211;<\/h2>\n<p><\/p>\n<p><\/p>\n<h3 class=\"wp-block-heading\">Was versteht man unter Photovoltaik?<\/h3>\n<p><\/p>\n<p><\/p>\n<p>Unter Photovoltaik versteht man die direkte Umwandlung von Lichtenergie, meist aus Sonnenlicht, in elektrische Energie mittels Solarzellen. Seit 1958 wird sie in der Raumfahrt genutzt. Inzwischen wird sie \u00fcberwiegend auf der Erde zur Stromerzeugung eingesetzt und findet unter anderem Anwendung auf Dachfl\u00e4chen, bei Parkscheinautomaten, in Taschenrechnern, an Schallschutzw\u00e4nden und auf Freifl\u00e4chen.<\/p>\n<p><\/p>\n<p><\/p>\n<h3 class=\"wp-block-heading\">Montagesysteme<\/h3>\n<p><\/p>\n<p><\/p>\n<p>Bei den Montagesystemen wird zwischen Aufdach-System und Indach-System unterschieden. Bei einem Aufdach-System f\u00fcr geneigte Hausd\u00e4cher wird die Photovoltaik-Anlage mit Hilfe eines Montagegestells auf dem Dach befestigt. Diese Art der Montage wird am h\u00e4ufigsten gew\u00e4hlt, da sie f\u00fcr bestehende D\u00e4cher einfacher umsetzbar ist als die Indach-Montage. Ein Indach-System hingegen ist eine Photovoltaik-Anlage, die in die Dachhaut integriert wird und deren Funktionen wie Dachdichtigkeit und Wetterschutz mit \u00fcbernimmt. Die Aufdach-Montage eignet sich neben Ziegeld\u00e4chern auch f\u00fcr Blechd\u00e4cher, Schieferd\u00e4cher oder Wellplatten. Sollte eine Dachneigung zu flach f\u00fcr die Montage sein, k\u00f6nnen Aufst\u00e4nderungen die Neigung bis zu einem gewissen Grad ausgleichen. Die Installation eines Aufdach-Systems ist in der Regel einfacher und preisg\u00fcnstiger als die eines Indach-Systems. Ein Aufdach-System sorgt zudem f\u00fcr eine ausreichende Hinterl\u00fcftung der Solarmodule.<\/p>\n<p><\/p>\n<p><\/p>\n<h3 class=\"wp-block-heading\">Verschmutzung und Reinigung<\/h3>\n<p><\/p>\n<p><\/p>\n<p>Wie auf jeder Oberfl\u00e4che im Freien (vergleichbar mit Fenstern, W\u00e4nden, D\u00e4chern, Auto etc.) k\u00f6nnen sich auch auf Photovoltaikanlagen unterschiedliche Stoffe absetzen. Dazu geh\u00f6ren beispielsweise Bl\u00e4tter und Nadeln, klebrige organische Sekrete von L\u00e4usen, Pollen und Samen, Ru\u00df aus Heizungen und Motoren, Staub und organische Substanzen aus Stallabl\u00fcftungen (aus der Landwirtschaft im Allgemeinen), Futtermittelst\u00e4ube aus der Landwirtschaft, Wachstum von Pionierpflanzen wie Flechten, Algen und Moosen sowie Vogelkot. Die Selbstreinigung der Module durch Regen und Schnee reicht oftmals nicht aus, um die Anlage \u00fcber Jahre bzw. Jahrzehnte sauber zu halten. Durch Ablagerung von Schmutz auf der Photovoltaikanlage gelangt weniger Sonnenenergie in das Modul. Die Verschmutzung wirkt wie eine Verschattung und ein Ertragsverlust ist die Folge. Dieser Ertragsverlust kann bei extremen Verschmutzungen \u00fcber 30 % betragen. Im bundesdeutschen Durchschnitt wird von einem schmutzbedingten Ertragsverlust von 6\u20138 % ausgegangen. Um gleich bleibende Ertr\u00e4ge zu sichern, m\u00fcsste eine Vielzahl von Anlagen regelm\u00e4\u00dfig auf Verschmutzung hin kontrolliert und, falls notwendig, gereinigt werden. Stand der Technik ist die Verwendung von vollentsalztem Wasser (Demineralisiertes Wasser), um Kalkflecken zu vermeiden. Als weiteres Hilfsmittel kommen bei der Reinigung wasserf\u00fchrende Teleskopstangen zum Einsatz. Die Reinigung sollte schonend durchgef\u00fchrt werden, um die Moduloberfl\u00e4che z.B. durch die Verwendung von kratzenden Reinigungsger\u00e4ten nicht zu besch\u00e4digen. Zudem sollten Module \u00fcberhaupt nicht und D\u00e4cher nur unter entsprechenden Sicherheitsvorkehrungen betreten werden. Auch mit einer W\u00e4rmebildkamera kann man die Verschmutzung feststellen. Liegt ein Schmutzfilm auf den Modulen, sind die Module w\u00e4rmer und somit produzieren sie weniger Strom. Deshalb ist es auch sehr wichtig, die Anlage regelm\u00e4\u00dfig zu reinigen.<\/p>\n<p><\/p>\n<p><\/p>\n<h3 class=\"wp-block-heading\">Energiespeicherung<\/h3>\n<p><\/p>\n<p><\/p>\n<p>Die gewonnene Energie kann jetzt auch in privaten Haushalten in Speichern, meist Akkumulatoren, gepuffert werden. Dadurch wird die M\u00f6glichkeit geschaffen den Eigenverbrauch des durch eine eigene Photovoltaikanlage selbst erzeugten Stromes deutlich zu erh\u00f6hen.<\/p>\n<p><\/p>","protected":false},"excerpt":{"rendered":"<p>Die Sonne schickt keine Rechnung &#8211; Was versteht man unter Photovoltaik? Unter Photovoltaik versteht man die direkte Umwandlung von Lichtenergie, meist aus Sonnenlicht, in elektrische Energie mittels Solarzellen. Seit 1958 &#8230;<\/p>\n","protected":false},"author":1,"featured_media":1646,"parent":0,"menu_order":0,"comment_status":"closed","ping_status":"closed","template":"template-fullwidth.php","meta":{"footnotes":""},"class_list":["post-1182","page","type-page","status-publish","has-post-thumbnail","hentry"],"_links":{"self":[{"href":"https:\/\/www.kreienbaum-montage.de\/wordpress\/wp-json\/wp\/v2\/pages\/1182","targetHints":{"allow":["GET"]}}],"collection":[{"href":"https:\/\/www.kreienbaum-montage.de\/wordpress\/wp-json\/wp\/v2\/pages"}],"about":[{"href":"https:\/\/www.kreienbaum-montage.de\/wordpress\/wp-json\/wp\/v2\/types\/page"}],"author":[{"embeddable":true,"href":"https:\/\/www.kreienbaum-montage.de\/wordpress\/wp-json\/wp\/v2\/users\/1"}],"replies":[{"embeddable":true,"href":"https:\/\/www.kreienbaum-montage.de\/wordpress\/wp-json\/wp\/v2\/comments?post=1182"}],"version-history":[{"count":2,"href":"https:\/\/www.kreienbaum-montage.de\/wordpress\/wp-json\/wp\/v2\/pages\/1182\/revisions"}],"predecessor-version":[{"id":1593,"href":"https:\/\/www.kreienbaum-montage.de\/wordpress\/wp-json\/wp\/v2\/pages\/1182\/revisions\/1593"}],"wp:featuredmedia":[{"embeddable":true,"href":"https:\/\/www.kreienbaum-montage.de\/wordpress\/wp-json\/wp\/v2\/media\/1646"}],"wp:attachment":[{"href":"https:\/\/www.kreienbaum-montage.de\/wordpress\/wp-json\/wp\/v2\/media?parent=1182"}],"curies":[{"name":"wp","href":"https:\/\/api.w.org\/{rel}","templated":true}]}}